{"id":3451,"date":"2023-10-20T11:41:27","date_gmt":"2023-10-20T09:41:27","guid":{"rendered":"https:\/\/www.fastreplymail.it\/fastreplysurvey\/"},"modified":"2025-09-18T09:11:02","modified_gmt":"2025-09-18T07:11:02","slug":"fastreplysurvey","status":"publish","type":"page","link":"https:\/\/www.fastreplymail.it\/fr\/fastreplysurvey\/","title":{"rendered":"FASTREPLYSURVEY"},"content":{"rendered":"","protected":false},"excerpt":{"rendered":"<p>FastReplySurvey est le logiciel de la suite FastReply con\u00e7u pour cr\u00e9er et g\u00e9rer des enqu\u00eates en ligne. Ce logiciel a \u00e9t\u00e9 pens\u00e9 pour les \u00e9tablissements d\u2019h\u00e9bergement souhaitant faire remplir des enqu\u00eates en ligne \u00e0 leurs clients, mais il est \u00e9galement disponible pour d\u2019autres entreprises et activit\u00e9s.<\/p>\n","protected":false},"author":3,"featured_media":0,"parent":0,"menu_order":0,"comment_status":"open","ping_status":"closed","template":"","meta":{"footnotes":""},"class_list":["post-3451","page","type-page","status-publish","hentry"],"yoast_head":"<!-- This site is optimized with the Yoast SEO plugin v26.3 - https:\/\/yoast.com\/wordpress\/plugins\/seo\/ -->\n<title>FASTREPLYSURVEY - FastReply\u00ae<\/title>\n<meta name=\"description\" content=\"FastReplySurvey est le logiciel de la suite FastReply con\u00e7u pour cr\u00e9er et g\u00e9rer des enqu\u00eates en ligne.\" \/>\n<meta name=\"robots\" content=\"index, follow, max-snippet:-1, max-image-preview:large, max-video-preview:-1\" \/>\n<link rel=\"canonical\" href=\"https:\/\/www.fastreplymail.it\/fr\/fastreplysurvey\/\" \/>\n<meta property=\"og:locale\" content=\"fr_FR\" \/>\n<meta property=\"og:type\" content=\"article\" \/>\n<meta property=\"og:title\" content=\"FASTREPLYSURVEY - FastReply\u00ae\" \/>\n<meta property=\"og:description\" content=\"FastReplySurvey est le logiciel de la suite FastReply con\u00e7u pour cr\u00e9er et g\u00e9rer des enqu\u00eates en ligne.\" \/>\n<meta property=\"og:url\" content=\"https:\/\/www.fastreplymail.it\/fr\/fastreplysurvey\/\" \/>\n<meta property=\"og:site_name\" content=\"FastReply\u00ae\" \/>\n<meta property=\"article:modified_time\" content=\"2025-09-18T07:11:02+00:00\" \/>\n<meta name=\"twitter:card\" content=\"summary_large_image\" \/>\n<script type=\"application\/ld+json\" class=\"yoast-schema-graph\">{\"@context\":\"https:\/\/schema.org\",\"@graph\":[{\"@type\":\"WebPage\",\"@id\":\"https:\/\/www.fastreplymail.it\/fr\/fastreplysurvey\/\",\"url\":\"https:\/\/www.fastreplymail.it\/fr\/fastreplysurvey\/\",\"name\":\"FASTREPLYSURVEY - FastReply\u00ae\",\"isPartOf\":{\"@id\":\"https:\/\/www.fastreplymail.it\/en\/#website\"},\"datePublished\":\"2023-10-20T09:41:27+00:00\",\"dateModified\":\"2025-09-18T07:11:02+00:00\",\"description\":\"FastReplySurvey est le logiciel de la suite FastReply con\u00e7u pour cr\u00e9er et g\u00e9rer des enqu\u00eates en ligne.\",\"breadcrumb\":{\"@id\":\"https:\/\/www.fastreplymail.it\/fr\/fastreplysurvey\/#breadcrumb\"},\"inLanguage\":\"fr-FR\",\"potentialAction\":[{\"@type\":\"ReadAction\",\"target\":[\"https:\/\/www.fastreplymail.it\/fr\/fastreplysurvey\/\"]}]},{\"@type\":\"BreadcrumbList\",\"@id\":\"https:\/\/www.fastreplymail.it\/fr\/fastreplysurvey\/#breadcrumb\",\"itemListElement\":[{\"@type\":\"ListItem\",\"position\":1,\"name\":\"Home\",\"item\":\"https:\/\/www.fastreplymail.it\/fr\/\"},{\"@type\":\"ListItem\",\"position\":2,\"name\":\"FASTREPLYSURVEY\"}]},{\"@type\":\"WebSite\",\"@id\":\"https:\/\/www.fastreplymail.it\/en\/#website\",\"url\":\"https:\/\/www.fastreplymail.it\/en\/\",\"name\":\"FastReply\u00ae\",\"description\":\"Per gestire le richieste di informazioni Il software CRM \/ CRO indispensabile per la tua struttura\",\"publisher\":{\"@id\":\"https:\/\/www.fastreplymail.it\/en\/#organization\"},\"potentialAction\":[{\"@type\":\"SearchAction\",\"target\":{\"@type\":\"EntryPoint\",\"urlTemplate\":\"https:\/\/www.fastreplymail.it\/en\/?s={search_term_string}\"},\"query-input\":{\"@type\":\"PropertyValueSpecification\",\"valueRequired\":true,\"valueName\":\"search_term_string\"}}],\"inLanguage\":\"fr-FR\"},{\"@type\":\"Organization\",\"@id\":\"https:\/\/www.fastreplymail.it\/en\/#organization\",\"name\":\"FastReplyMail\",\"url\":\"https:\/\/www.fastreplymail.it\/en\/\",\"logo\":{\"@type\":\"ImageObject\",\"inLanguage\":\"fr-FR\",\"@id\":\"https:\/\/www.fastreplymail.it\/en\/#\/schema\/logo\/image\/\",\"url\":\"\",\"contentUrl\":\"\",\"caption\":\"FastReplyMail\"},\"image\":{\"@id\":\"https:\/\/www.fastreplymail.it\/en\/#\/schema\/logo\/image\/\"}}]}<\/script>\n<!-- \/ Yoast SEO plugin. -->","yoast_head_json":{"title":"FASTREPLYSURVEY - FastReply\u00ae","description":"FastReplySurvey est le logiciel de la suite FastReply con\u00e7u pour cr\u00e9er et g\u00e9rer des enqu\u00eates en ligne.","robots":{"index":"index","follow":"follow","max-snippet":"max-snippet:-1","max-image-preview":"max-image-preview:large","max-video-preview":"max-video-preview:-1"},"canonical":"https:\/\/www.fastreplymail.it\/fr\/fastreplysurvey\/","og_locale":"fr_FR","og_type":"article","og_title":"FASTREPLYSURVEY - FastReply\u00ae","og_description":"FastReplySurvey est le logiciel de la suite FastReply con\u00e7u pour cr\u00e9er et g\u00e9rer des enqu\u00eates en ligne.","og_url":"https:\/\/www.fastreplymail.it\/fr\/fastreplysurvey\/","og_site_name":"FastReply\u00ae","article_modified_time":"2025-09-18T07:11:02+00:00","twitter_card":"summary_large_image","schema":{"@context":"https:\/\/schema.org","@graph":[{"@type":"WebPage","@id":"https:\/\/www.fastreplymail.it\/fr\/fastreplysurvey\/","url":"https:\/\/www.fastreplymail.it\/fr\/fastreplysurvey\/","name":"FASTREPLYSURVEY - FastReply\u00ae","isPartOf":{"@id":"https:\/\/www.fastreplymail.it\/en\/#website"},"datePublished":"2023-10-20T09:41:27+00:00","dateModified":"2025-09-18T07:11:02+00:00","description":"FastReplySurvey est le logiciel de la suite FastReply con\u00e7u pour cr\u00e9er et g\u00e9rer des enqu\u00eates en ligne.","breadcrumb":{"@id":"https:\/\/www.fastreplymail.it\/fr\/fastreplysurvey\/#breadcrumb"},"inLanguage":"fr-FR","potentialAction":[{"@type":"ReadAction","target":["https:\/\/www.fastreplymail.it\/fr\/fastreplysurvey\/"]}]},{"@type":"BreadcrumbList","@id":"https:\/\/www.fastreplymail.it\/fr\/fastreplysurvey\/#breadcrumb","itemListElement":[{"@type":"ListItem","position":1,"name":"Home","item":"https:\/\/www.fastreplymail.it\/fr\/"},{"@type":"ListItem","position":2,"name":"FASTREPLYSURVEY"}]},{"@type":"WebSite","@id":"https:\/\/www.fastreplymail.it\/en\/#website","url":"https:\/\/www.fastreplymail.it\/en\/","name":"FastReply\u00ae","description":"Per gestire le richieste di informazioni Il software CRM \/ CRO indispensabile per la tua struttura","publisher":{"@id":"https:\/\/www.fastreplymail.it\/en\/#organization"},"potentialAction":[{"@type":"SearchAction","target":{"@type":"EntryPoint","urlTemplate":"https:\/\/www.fastreplymail.it\/en\/?s={search_term_string}"},"query-input":{"@type":"PropertyValueSpecification","valueRequired":true,"valueName":"search_term_string"}}],"inLanguage":"fr-FR"},{"@type":"Organization","@id":"https:\/\/www.fastreplymail.it\/en\/#organization","name":"FastReplyMail","url":"https:\/\/www.fastreplymail.it\/en\/","logo":{"@type":"ImageObject","inLanguage":"fr-FR","@id":"https:\/\/www.fastreplymail.it\/en\/#\/schema\/logo\/image\/","url":"","contentUrl":"","caption":"FastReplyMail"},"image":{"@id":"https:\/\/www.fastreplymail.it\/en\/#\/schema\/logo\/image\/"}}]}},"_links":{"self":[{"href":"https:\/\/www.fastreplymail.it\/fr\/wp-json\/wp\/v2\/pages\/3451","targetHints":{"allow":["GET"]}}],"collection":[{"href":"https:\/\/www.fastreplymail.it\/fr\/wp-json\/wp\/v2\/pages"}],"about":[{"href":"https:\/\/www.fastreplymail.it\/fr\/wp-json\/wp\/v2\/types\/page"}],"author":[{"embeddable":true,"href":"https:\/\/www.fastreplymail.it\/fr\/wp-json\/wp\/v2\/users\/3"}],"replies":[{"embeddable":true,"href":"https:\/\/www.fastreplymail.it\/fr\/wp-json\/wp\/v2\/comments?post=3451"}],"version-history":[{"count":1,"href":"https:\/\/www.fastreplymail.it\/fr\/wp-json\/wp\/v2\/pages\/3451\/revisions"}],"predecessor-version":[{"id":3460,"href":"https:\/\/www.fastreplymail.it\/fr\/wp-json\/wp\/v2\/pages\/3451\/revisions\/3460"}],"wp:attachment":[{"href":"https:\/\/www.fastreplymail.it\/fr\/wp-json\/wp\/v2\/media?parent=3451"}],"curies":[{"name":"wp","href":"https:\/\/api.w.org\/{rel}","templated":true}]}}