{"id":3420,"date":"2024-09-25T11:19:30","date_gmt":"2024-09-25T09:19:30","guid":{"rendered":"https:\/\/www.fastreplymail.it\/fastmeeting\/"},"modified":"2025-09-17T16:34:58","modified_gmt":"2025-09-17T14:34:58","slug":"fastmeeting","status":"publish","type":"page","link":"https:\/\/www.fastreplymail.it\/fr\/fastmeeting\/","title":{"rendered":"FASTMEETING"},"content":{"rendered":"","protected":false},"excerpt":{"rendered":"<p>FastMeeting est le logiciel complet pour g\u00e9rer les assembl\u00e9es de copropri\u00e9t\u00e9 et d\u2019entreprise. G\u00e9rez les r\u00e9unions, les votes en ligne et en pr\u00e9sentiel. D\u00e9couvrez toutes les fonctionnalit\u00e9s pour une gestion num\u00e9rique efficace.<\/p>\n","protected":false},"author":3,"featured_media":0,"parent":0,"menu_order":0,"comment_status":"open","ping_status":"closed","template":"","meta":{"footnotes":""},"class_list":["post-3420","page","type-page","status-publish","hentry"],"yoast_head":"<!-- This site is optimized with the Yoast SEO plugin v26.3 - https:\/\/yoast.com\/wordpress\/plugins\/seo\/ -->\n<title>FASTMEETING - FastReply\u00ae<\/title>\n<meta name=\"description\" content=\"FastMeeting est le logiciel complet pour g\u00e9rer les assembl\u00e9es de copropri\u00e9t\u00e9 et d\u2019entreprise. G\u00e9rez les r\u00e9unions, les votes en ligne et en pr\u00e9sentiel.\" \/>\n<meta name=\"robots\" content=\"index, follow, max-snippet:-1, max-image-preview:large, max-video-preview:-1\" \/>\n<link rel=\"canonical\" href=\"https:\/\/www.fastreplymail.it\/fr\/fastmeeting\/\" \/>\n<meta property=\"og:locale\" content=\"fr_FR\" \/>\n<meta property=\"og:type\" content=\"article\" \/>\n<meta property=\"og:title\" content=\"FASTMEETING - FastReply\u00ae\" \/>\n<meta property=\"og:description\" content=\"FastMeeting est le logiciel complet pour g\u00e9rer les assembl\u00e9es de copropri\u00e9t\u00e9 et d\u2019entreprise. G\u00e9rez les r\u00e9unions, les votes en ligne et en pr\u00e9sentiel.\" \/>\n<meta property=\"og:url\" content=\"https:\/\/www.fastreplymail.it\/fr\/fastmeeting\/\" \/>\n<meta property=\"og:site_name\" content=\"FastReply\u00ae\" \/>\n<meta property=\"article:modified_time\" content=\"2025-09-17T14:34:58+00:00\" \/>\n<meta name=\"twitter:card\" content=\"summary_large_image\" \/>\n<script type=\"application\/ld+json\" class=\"yoast-schema-graph\">{\"@context\":\"https:\/\/schema.org\",\"@graph\":[{\"@type\":\"WebPage\",\"@id\":\"https:\/\/www.fastreplymail.it\/fr\/fastmeeting\/\",\"url\":\"https:\/\/www.fastreplymail.it\/fr\/fastmeeting\/\",\"name\":\"FASTMEETING - FastReply\u00ae\",\"isPartOf\":{\"@id\":\"https:\/\/www.fastreplymail.it\/en\/#website\"},\"datePublished\":\"2024-09-25T09:19:30+00:00\",\"dateModified\":\"2025-09-17T14:34:58+00:00\",\"description\":\"FastMeeting est le logiciel complet pour g\u00e9rer les assembl\u00e9es de copropri\u00e9t\u00e9 et d\u2019entreprise. G\u00e9rez les r\u00e9unions, les votes en ligne et en pr\u00e9sentiel.\",\"breadcrumb\":{\"@id\":\"https:\/\/www.fastreplymail.it\/fr\/fastmeeting\/#breadcrumb\"},\"inLanguage\":\"fr-FR\",\"potentialAction\":[{\"@type\":\"ReadAction\",\"target\":[\"https:\/\/www.fastreplymail.it\/fr\/fastmeeting\/\"]}]},{\"@type\":\"BreadcrumbList\",\"@id\":\"https:\/\/www.fastreplymail.it\/fr\/fastmeeting\/#breadcrumb\",\"itemListElement\":[{\"@type\":\"ListItem\",\"position\":1,\"name\":\"Home\",\"item\":\"https:\/\/www.fastreplymail.it\/fr\/\"},{\"@type\":\"ListItem\",\"position\":2,\"name\":\"FASTMEETING\"}]},{\"@type\":\"WebSite\",\"@id\":\"https:\/\/www.fastreplymail.it\/en\/#website\",\"url\":\"https:\/\/www.fastreplymail.it\/en\/\",\"name\":\"FastReply\u00ae\",\"description\":\"Per gestire le richieste di informazioni Il software CRM \/ CRO indispensabile per la tua struttura\",\"publisher\":{\"@id\":\"https:\/\/www.fastreplymail.it\/en\/#organization\"},\"potentialAction\":[{\"@type\":\"SearchAction\",\"target\":{\"@type\":\"EntryPoint\",\"urlTemplate\":\"https:\/\/www.fastreplymail.it\/en\/?s={search_term_string}\"},\"query-input\":{\"@type\":\"PropertyValueSpecification\",\"valueRequired\":true,\"valueName\":\"search_term_string\"}}],\"inLanguage\":\"fr-FR\"},{\"@type\":\"Organization\",\"@id\":\"https:\/\/www.fastreplymail.it\/en\/#organization\",\"name\":\"FastReplyMail\",\"url\":\"https:\/\/www.fastreplymail.it\/en\/\",\"logo\":{\"@type\":\"ImageObject\",\"inLanguage\":\"fr-FR\",\"@id\":\"https:\/\/www.fastreplymail.it\/en\/#\/schema\/logo\/image\/\",\"url\":\"\",\"contentUrl\":\"\",\"caption\":\"FastReplyMail\"},\"image\":{\"@id\":\"https:\/\/www.fastreplymail.it\/en\/#\/schema\/logo\/image\/\"}}]}<\/script>\n<!-- \/ Yoast SEO plugin. -->","yoast_head_json":{"title":"FASTMEETING - FastReply\u00ae","description":"FastMeeting est le logiciel complet pour g\u00e9rer les assembl\u00e9es de copropri\u00e9t\u00e9 et d\u2019entreprise. G\u00e9rez les r\u00e9unions, les votes en ligne et en pr\u00e9sentiel.","robots":{"index":"index","follow":"follow","max-snippet":"max-snippet:-1","max-image-preview":"max-image-preview:large","max-video-preview":"max-video-preview:-1"},"canonical":"https:\/\/www.fastreplymail.it\/fr\/fastmeeting\/","og_locale":"fr_FR","og_type":"article","og_title":"FASTMEETING - FastReply\u00ae","og_description":"FastMeeting est le logiciel complet pour g\u00e9rer les assembl\u00e9es de copropri\u00e9t\u00e9 et d\u2019entreprise. G\u00e9rez les r\u00e9unions, les votes en ligne et en pr\u00e9sentiel.","og_url":"https:\/\/www.fastreplymail.it\/fr\/fastmeeting\/","og_site_name":"FastReply\u00ae","article_modified_time":"2025-09-17T14:34:58+00:00","twitter_card":"summary_large_image","schema":{"@context":"https:\/\/schema.org","@graph":[{"@type":"WebPage","@id":"https:\/\/www.fastreplymail.it\/fr\/fastmeeting\/","url":"https:\/\/www.fastreplymail.it\/fr\/fastmeeting\/","name":"FASTMEETING - FastReply\u00ae","isPartOf":{"@id":"https:\/\/www.fastreplymail.it\/en\/#website"},"datePublished":"2024-09-25T09:19:30+00:00","dateModified":"2025-09-17T14:34:58+00:00","description":"FastMeeting est le logiciel complet pour g\u00e9rer les assembl\u00e9es de copropri\u00e9t\u00e9 et d\u2019entreprise. G\u00e9rez les r\u00e9unions, les votes en ligne et en pr\u00e9sentiel.","breadcrumb":{"@id":"https:\/\/www.fastreplymail.it\/fr\/fastmeeting\/#breadcrumb"},"inLanguage":"fr-FR","potentialAction":[{"@type":"ReadAction","target":["https:\/\/www.fastreplymail.it\/fr\/fastmeeting\/"]}]},{"@type":"BreadcrumbList","@id":"https:\/\/www.fastreplymail.it\/fr\/fastmeeting\/#breadcrumb","itemListElement":[{"@type":"ListItem","position":1,"name":"Home","item":"https:\/\/www.fastreplymail.it\/fr\/"},{"@type":"ListItem","position":2,"name":"FASTMEETING"}]},{"@type":"WebSite","@id":"https:\/\/www.fastreplymail.it\/en\/#website","url":"https:\/\/www.fastreplymail.it\/en\/","name":"FastReply\u00ae","description":"Per gestire le richieste di informazioni Il software CRM \/ CRO indispensabile per la tua struttura","publisher":{"@id":"https:\/\/www.fastreplymail.it\/en\/#organization"},"potentialAction":[{"@type":"SearchAction","target":{"@type":"EntryPoint","urlTemplate":"https:\/\/www.fastreplymail.it\/en\/?s={search_term_string}"},"query-input":{"@type":"PropertyValueSpecification","valueRequired":true,"valueName":"search_term_string"}}],"inLanguage":"fr-FR"},{"@type":"Organization","@id":"https:\/\/www.fastreplymail.it\/en\/#organization","name":"FastReplyMail","url":"https:\/\/www.fastreplymail.it\/en\/","logo":{"@type":"ImageObject","inLanguage":"fr-FR","@id":"https:\/\/www.fastreplymail.it\/en\/#\/schema\/logo\/image\/","url":"","contentUrl":"","caption":"FastReplyMail"},"image":{"@id":"https:\/\/www.fastreplymail.it\/en\/#\/schema\/logo\/image\/"}}]}},"_links":{"self":[{"href":"https:\/\/www.fastreplymail.it\/fr\/wp-json\/wp\/v2\/pages\/3420","targetHints":{"allow":["GET"]}}],"collection":[{"href":"https:\/\/www.fastreplymail.it\/fr\/wp-json\/wp\/v2\/pages"}],"about":[{"href":"https:\/\/www.fastreplymail.it\/fr\/wp-json\/wp\/v2\/types\/page"}],"author":[{"embeddable":true,"href":"https:\/\/www.fastreplymail.it\/fr\/wp-json\/wp\/v2\/users\/3"}],"replies":[{"embeddable":true,"href":"https:\/\/www.fastreplymail.it\/fr\/wp-json\/wp\/v2\/comments?post=3420"}],"version-history":[{"count":1,"href":"https:\/\/www.fastreplymail.it\/fr\/wp-json\/wp\/v2\/pages\/3420\/revisions"}],"predecessor-version":[{"id":3423,"href":"https:\/\/www.fastreplymail.it\/fr\/wp-json\/wp\/v2\/pages\/3420\/revisions\/3423"}],"wp:attachment":[{"href":"https:\/\/www.fastreplymail.it\/fr\/wp-json\/wp\/v2\/media?parent=3420"}],"curies":[{"name":"wp","href":"https:\/\/api.w.org\/{rel}","templated":true}]}}