{"id":3406,"date":"2024-01-26T11:36:57","date_gmt":"2024-01-26T10:36:57","guid":{"rendered":"https:\/\/www.fastreplymail.it\/fastreplyrewards\/"},"modified":"2025-10-31T10:49:37","modified_gmt":"2025-10-31T09:49:37","slug":"fastreplyrewards","status":"publish","type":"page","link":"https:\/\/www.fastreplymail.it\/fr\/fastreplyrewards\/","title":{"rendered":"FASTREPLYREWARDS"},"content":{"rendered":"","protected":false},"excerpt":{"rendered":"<p>FastReplyRewards est le logiciel innovant de la suite FastReply, con\u00e7u pour configurer et g\u00e9rer des programmes de fid\u00e9lit\u00e9 client.<\/p>\n","protected":false},"author":3,"featured_media":0,"parent":0,"menu_order":0,"comment_status":"open","ping_status":"closed","template":"","meta":{"footnotes":""},"class_list":["post-3406","page","type-page","status-publish","hentry"],"yoast_head":"<!-- This site is optimized with the Yoast SEO plugin v26.3 - https:\/\/yoast.com\/wordpress\/plugins\/seo\/ -->\n<title>FASTREPLYREWARDS - FastReply\u00ae<\/title>\n<meta name=\"description\" content=\"FastReplyRewards est le logiciel innovant de la suite FastReply, con\u00e7u pour configurer et g\u00e9rer des programmes de fid\u00e9lit\u00e9 client.\" \/>\n<meta name=\"robots\" content=\"index, follow, max-snippet:-1, max-image-preview:large, max-video-preview:-1\" \/>\n<link rel=\"canonical\" href=\"https:\/\/www.fastreplymail.it\/fr\/fastreplyrewards\/\" \/>\n<meta property=\"og:locale\" content=\"fr_FR\" \/>\n<meta property=\"og:type\" content=\"article\" \/>\n<meta property=\"og:title\" content=\"FASTREPLYREWARDS - FastReply\u00ae\" \/>\n<meta property=\"og:description\" content=\"FastReplyRewards est le logiciel innovant de la suite FastReply, con\u00e7u pour configurer et g\u00e9rer des programmes de fid\u00e9lit\u00e9 client.\" \/>\n<meta property=\"og:url\" content=\"https:\/\/www.fastreplymail.it\/fr\/fastreplyrewards\/\" \/>\n<meta property=\"og:site_name\" content=\"FastReply\u00ae\" \/>\n<meta property=\"article:modified_time\" content=\"2025-10-31T09:49:37+00:00\" \/>\n<meta name=\"twitter:card\" content=\"summary_large_image\" \/>\n<script type=\"application\/ld+json\" class=\"yoast-schema-graph\">{\"@context\":\"https:\/\/schema.org\",\"@graph\":[{\"@type\":\"WebPage\",\"@id\":\"https:\/\/www.fastreplymail.it\/fr\/fastreplyrewards\/\",\"url\":\"https:\/\/www.fastreplymail.it\/fr\/fastreplyrewards\/\",\"name\":\"FASTREPLYREWARDS - FastReply\u00ae\",\"isPartOf\":{\"@id\":\"https:\/\/www.fastreplymail.it\/en\/#website\"},\"datePublished\":\"2024-01-26T10:36:57+00:00\",\"dateModified\":\"2025-10-31T09:49:37+00:00\",\"description\":\"FastReplyRewards est le logiciel innovant de la suite FastReply, con\u00e7u pour configurer et g\u00e9rer des programmes de fid\u00e9lit\u00e9 client.\",\"breadcrumb\":{\"@id\":\"https:\/\/www.fastreplymail.it\/fr\/fastreplyrewards\/#breadcrumb\"},\"inLanguage\":\"fr-FR\",\"potentialAction\":[{\"@type\":\"ReadAction\",\"target\":[\"https:\/\/www.fastreplymail.it\/fr\/fastreplyrewards\/\"]}]},{\"@type\":\"BreadcrumbList\",\"@id\":\"https:\/\/www.fastreplymail.it\/fr\/fastreplyrewards\/#breadcrumb\",\"itemListElement\":[{\"@type\":\"ListItem\",\"position\":1,\"name\":\"Home\",\"item\":\"https:\/\/www.fastreplymail.it\/fr\/\"},{\"@type\":\"ListItem\",\"position\":2,\"name\":\"FASTREPLYREWARDS\"}]},{\"@type\":\"WebSite\",\"@id\":\"https:\/\/www.fastreplymail.it\/en\/#website\",\"url\":\"https:\/\/www.fastreplymail.it\/en\/\",\"name\":\"FastReply\u00ae\",\"description\":\"Per gestire le richieste di informazioni Il software CRM \/ CRO indispensabile per la tua struttura\",\"publisher\":{\"@id\":\"https:\/\/www.fastreplymail.it\/en\/#organization\"},\"potentialAction\":[{\"@type\":\"SearchAction\",\"target\":{\"@type\":\"EntryPoint\",\"urlTemplate\":\"https:\/\/www.fastreplymail.it\/en\/?s={search_term_string}\"},\"query-input\":{\"@type\":\"PropertyValueSpecification\",\"valueRequired\":true,\"valueName\":\"search_term_string\"}}],\"inLanguage\":\"fr-FR\"},{\"@type\":\"Organization\",\"@id\":\"https:\/\/www.fastreplymail.it\/en\/#organization\",\"name\":\"FastReplyMail\",\"url\":\"https:\/\/www.fastreplymail.it\/en\/\",\"logo\":{\"@type\":\"ImageObject\",\"inLanguage\":\"fr-FR\",\"@id\":\"https:\/\/www.fastreplymail.it\/en\/#\/schema\/logo\/image\/\",\"url\":\"\",\"contentUrl\":\"\",\"caption\":\"FastReplyMail\"},\"image\":{\"@id\":\"https:\/\/www.fastreplymail.it\/en\/#\/schema\/logo\/image\/\"}}]}<\/script>\n<!-- \/ Yoast SEO plugin. -->","yoast_head_json":{"title":"FASTREPLYREWARDS - FastReply\u00ae","description":"FastReplyRewards est le logiciel innovant de la suite FastReply, con\u00e7u pour configurer et g\u00e9rer des programmes de fid\u00e9lit\u00e9 client.","robots":{"index":"index","follow":"follow","max-snippet":"max-snippet:-1","max-image-preview":"max-image-preview:large","max-video-preview":"max-video-preview:-1"},"canonical":"https:\/\/www.fastreplymail.it\/fr\/fastreplyrewards\/","og_locale":"fr_FR","og_type":"article","og_title":"FASTREPLYREWARDS - FastReply\u00ae","og_description":"FastReplyRewards est le logiciel innovant de la suite FastReply, con\u00e7u pour configurer et g\u00e9rer des programmes de fid\u00e9lit\u00e9 client.","og_url":"https:\/\/www.fastreplymail.it\/fr\/fastreplyrewards\/","og_site_name":"FastReply\u00ae","article_modified_time":"2025-10-31T09:49:37+00:00","twitter_card":"summary_large_image","schema":{"@context":"https:\/\/schema.org","@graph":[{"@type":"WebPage","@id":"https:\/\/www.fastreplymail.it\/fr\/fastreplyrewards\/","url":"https:\/\/www.fastreplymail.it\/fr\/fastreplyrewards\/","name":"FASTREPLYREWARDS - FastReply\u00ae","isPartOf":{"@id":"https:\/\/www.fastreplymail.it\/en\/#website"},"datePublished":"2024-01-26T10:36:57+00:00","dateModified":"2025-10-31T09:49:37+00:00","description":"FastReplyRewards est le logiciel innovant de la suite FastReply, con\u00e7u pour configurer et g\u00e9rer des programmes de fid\u00e9lit\u00e9 client.","breadcrumb":{"@id":"https:\/\/www.fastreplymail.it\/fr\/fastreplyrewards\/#breadcrumb"},"inLanguage":"fr-FR","potentialAction":[{"@type":"ReadAction","target":["https:\/\/www.fastreplymail.it\/fr\/fastreplyrewards\/"]}]},{"@type":"BreadcrumbList","@id":"https:\/\/www.fastreplymail.it\/fr\/fastreplyrewards\/#breadcrumb","itemListElement":[{"@type":"ListItem","position":1,"name":"Home","item":"https:\/\/www.fastreplymail.it\/fr\/"},{"@type":"ListItem","position":2,"name":"FASTREPLYREWARDS"}]},{"@type":"WebSite","@id":"https:\/\/www.fastreplymail.it\/en\/#website","url":"https:\/\/www.fastreplymail.it\/en\/","name":"FastReply\u00ae","description":"Per gestire le richieste di informazioni Il software CRM \/ CRO indispensabile per la tua struttura","publisher":{"@id":"https:\/\/www.fastreplymail.it\/en\/#organization"},"potentialAction":[{"@type":"SearchAction","target":{"@type":"EntryPoint","urlTemplate":"https:\/\/www.fastreplymail.it\/en\/?s={search_term_string}"},"query-input":{"@type":"PropertyValueSpecification","valueRequired":true,"valueName":"search_term_string"}}],"inLanguage":"fr-FR"},{"@type":"Organization","@id":"https:\/\/www.fastreplymail.it\/en\/#organization","name":"FastReplyMail","url":"https:\/\/www.fastreplymail.it\/en\/","logo":{"@type":"ImageObject","inLanguage":"fr-FR","@id":"https:\/\/www.fastreplymail.it\/en\/#\/schema\/logo\/image\/","url":"","contentUrl":"","caption":"FastReplyMail"},"image":{"@id":"https:\/\/www.fastreplymail.it\/en\/#\/schema\/logo\/image\/"}}]}},"_links":{"self":[{"href":"https:\/\/www.fastreplymail.it\/fr\/wp-json\/wp\/v2\/pages\/3406","targetHints":{"allow":["GET"]}}],"collection":[{"href":"https:\/\/www.fastreplymail.it\/fr\/wp-json\/wp\/v2\/pages"}],"about":[{"href":"https:\/\/www.fastreplymail.it\/fr\/wp-json\/wp\/v2\/types\/page"}],"author":[{"embeddable":true,"href":"https:\/\/www.fastreplymail.it\/fr\/wp-json\/wp\/v2\/users\/3"}],"replies":[{"embeddable":true,"href":"https:\/\/www.fastreplymail.it\/fr\/wp-json\/wp\/v2\/comments?post=3406"}],"version-history":[{"count":3,"href":"https:\/\/www.fastreplymail.it\/fr\/wp-json\/wp\/v2\/pages\/3406\/revisions"}],"predecessor-version":[{"id":3470,"href":"https:\/\/www.fastreplymail.it\/fr\/wp-json\/wp\/v2\/pages\/3406\/revisions\/3470"}],"wp:attachment":[{"href":"https:\/\/www.fastreplymail.it\/fr\/wp-json\/wp\/v2\/media?parent=3406"}],"curies":[{"name":"wp","href":"https:\/\/api.w.org\/{rel}","templated":true}]}}