{"id":3112,"date":"2021-09-01T11:21:20","date_gmt":"2021-09-01T09:21:20","guid":{"rendered":"https:\/\/www.fastreplymail.it\/connessioni\/"},"modified":"2022-11-29T10:49:28","modified_gmt":"2022-11-29T09:49:28","slug":"connexions","status":"publish","type":"page","link":"https:\/\/www.fastreplymail.it\/fr\/connexions\/","title":{"rendered":"CONNEXIONS"},"content":{"rendered":"","protected":false},"excerpt":{"rendered":"","protected":false},"author":3,"featured_media":0,"parent":0,"menu_order":0,"comment_status":"open","ping_status":"closed","template":"","meta":{"footnotes":""},"class_list":["post-3112","page","type-page","status-publish","hentry"],"yoast_head":"<!-- This site is optimized with the Yoast SEO plugin v26.3 - https:\/\/yoast.com\/wordpress\/plugins\/seo\/ -->\n<title>CONNEXIONS - FastReply\u00ae<\/title>\n<meta name=\"description\" content=\"L\u2019int\u00e9gration de FastReplyCRM\u00ae avec les PMS permet une double communication et une mise \u00e0 jour continue des r\u00e9servations avec les donn\u00e9es du client.\" \/>\n<meta name=\"robots\" content=\"index, follow, max-snippet:-1, max-image-preview:large, max-video-preview:-1\" \/>\n<link rel=\"canonical\" href=\"https:\/\/www.fastreplymail.it\/fr\/connexions\/\" \/>\n<meta property=\"og:locale\" content=\"fr_FR\" \/>\n<meta property=\"og:type\" content=\"article\" \/>\n<meta property=\"og:title\" content=\"CONNEXIONS - FastReply\u00ae\" \/>\n<meta property=\"og:description\" content=\"L\u2019int\u00e9gration de FastReplyCRM\u00ae avec les PMS permet une double communication et une mise \u00e0 jour continue des r\u00e9servations avec les donn\u00e9es du client.\" \/>\n<meta property=\"og:url\" content=\"https:\/\/www.fastreplymail.it\/fr\/connexions\/\" \/>\n<meta property=\"og:site_name\" content=\"FastReply\u00ae\" \/>\n<meta property=\"article:modified_time\" content=\"2022-11-29T09:49:28+00:00\" \/>\n<meta name=\"twitter:card\" content=\"summary_large_image\" \/>\n<script type=\"application\/ld+json\" class=\"yoast-schema-graph\">{\"@context\":\"https:\/\/schema.org\",\"@graph\":[{\"@type\":\"WebPage\",\"@id\":\"https:\/\/www.fastreplymail.it\/fr\/connexions\/\",\"url\":\"https:\/\/www.fastreplymail.it\/fr\/connexions\/\",\"name\":\"CONNEXIONS - FastReply\u00ae\",\"isPartOf\":{\"@id\":\"https:\/\/www.fastreplymail.it\/en\/#website\"},\"datePublished\":\"2021-09-01T09:21:20+00:00\",\"dateModified\":\"2022-11-29T09:49:28+00:00\",\"description\":\"L\u2019int\u00e9gration de FastReplyCRM\u00ae avec les PMS permet une double communication et une mise \u00e0 jour continue des r\u00e9servations avec les donn\u00e9es du client.\",\"breadcrumb\":{\"@id\":\"https:\/\/www.fastreplymail.it\/fr\/connexions\/#breadcrumb\"},\"inLanguage\":\"fr-FR\",\"potentialAction\":[{\"@type\":\"ReadAction\",\"target\":[\"https:\/\/www.fastreplymail.it\/fr\/connexions\/\"]}]},{\"@type\":\"BreadcrumbList\",\"@id\":\"https:\/\/www.fastreplymail.it\/fr\/connexions\/#breadcrumb\",\"itemListElement\":[{\"@type\":\"ListItem\",\"position\":1,\"name\":\"Home\",\"item\":\"https:\/\/www.fastreplymail.it\/fr\/\"},{\"@type\":\"ListItem\",\"position\":2,\"name\":\"CONNEXIONS\"}]},{\"@type\":\"WebSite\",\"@id\":\"https:\/\/www.fastreplymail.it\/en\/#website\",\"url\":\"https:\/\/www.fastreplymail.it\/en\/\",\"name\":\"FastReply\u00ae\",\"description\":\"Per gestire le richieste di informazioni Il software CRM \/ CRO indispensabile per la tua struttura\",\"publisher\":{\"@id\":\"https:\/\/www.fastreplymail.it\/en\/#organization\"},\"potentialAction\":[{\"@type\":\"SearchAction\",\"target\":{\"@type\":\"EntryPoint\",\"urlTemplate\":\"https:\/\/www.fastreplymail.it\/en\/?s={search_term_string}\"},\"query-input\":{\"@type\":\"PropertyValueSpecification\",\"valueRequired\":true,\"valueName\":\"search_term_string\"}}],\"inLanguage\":\"fr-FR\"},{\"@type\":\"Organization\",\"@id\":\"https:\/\/www.fastreplymail.it\/en\/#organization\",\"name\":\"FastReplyMail\",\"url\":\"https:\/\/www.fastreplymail.it\/en\/\",\"logo\":{\"@type\":\"ImageObject\",\"inLanguage\":\"fr-FR\",\"@id\":\"https:\/\/www.fastreplymail.it\/en\/#\/schema\/logo\/image\/\",\"url\":\"\",\"contentUrl\":\"\",\"caption\":\"FastReplyMail\"},\"image\":{\"@id\":\"https:\/\/www.fastreplymail.it\/en\/#\/schema\/logo\/image\/\"}}]}<\/script>\n<!-- \/ Yoast SEO plugin. -->","yoast_head_json":{"title":"CONNEXIONS - FastReply\u00ae","description":"L\u2019int\u00e9gration de FastReplyCRM\u00ae avec les PMS permet une double communication et une mise \u00e0 jour continue des r\u00e9servations avec les donn\u00e9es du client.","robots":{"index":"index","follow":"follow","max-snippet":"max-snippet:-1","max-image-preview":"max-image-preview:large","max-video-preview":"max-video-preview:-1"},"canonical":"https:\/\/www.fastreplymail.it\/fr\/connexions\/","og_locale":"fr_FR","og_type":"article","og_title":"CONNEXIONS - FastReply\u00ae","og_description":"L\u2019int\u00e9gration de FastReplyCRM\u00ae avec les PMS permet une double communication et une mise \u00e0 jour continue des r\u00e9servations avec les donn\u00e9es du client.","og_url":"https:\/\/www.fastreplymail.it\/fr\/connexions\/","og_site_name":"FastReply\u00ae","article_modified_time":"2022-11-29T09:49:28+00:00","twitter_card":"summary_large_image","schema":{"@context":"https:\/\/schema.org","@graph":[{"@type":"WebPage","@id":"https:\/\/www.fastreplymail.it\/fr\/connexions\/","url":"https:\/\/www.fastreplymail.it\/fr\/connexions\/","name":"CONNEXIONS - FastReply\u00ae","isPartOf":{"@id":"https:\/\/www.fastreplymail.it\/en\/#website"},"datePublished":"2021-09-01T09:21:20+00:00","dateModified":"2022-11-29T09:49:28+00:00","description":"L\u2019int\u00e9gration de FastReplyCRM\u00ae avec les PMS permet une double communication et une mise \u00e0 jour continue des r\u00e9servations avec les donn\u00e9es du client.","breadcrumb":{"@id":"https:\/\/www.fastreplymail.it\/fr\/connexions\/#breadcrumb"},"inLanguage":"fr-FR","potentialAction":[{"@type":"ReadAction","target":["https:\/\/www.fastreplymail.it\/fr\/connexions\/"]}]},{"@type":"BreadcrumbList","@id":"https:\/\/www.fastreplymail.it\/fr\/connexions\/#breadcrumb","itemListElement":[{"@type":"ListItem","position":1,"name":"Home","item":"https:\/\/www.fastreplymail.it\/fr\/"},{"@type":"ListItem","position":2,"name":"CONNEXIONS"}]},{"@type":"WebSite","@id":"https:\/\/www.fastreplymail.it\/en\/#website","url":"https:\/\/www.fastreplymail.it\/en\/","name":"FastReply\u00ae","description":"Per gestire le richieste di informazioni Il software CRM \/ CRO indispensabile per la tua struttura","publisher":{"@id":"https:\/\/www.fastreplymail.it\/en\/#organization"},"potentialAction":[{"@type":"SearchAction","target":{"@type":"EntryPoint","urlTemplate":"https:\/\/www.fastreplymail.it\/en\/?s={search_term_string}"},"query-input":{"@type":"PropertyValueSpecification","valueRequired":true,"valueName":"search_term_string"}}],"inLanguage":"fr-FR"},{"@type":"Organization","@id":"https:\/\/www.fastreplymail.it\/en\/#organization","name":"FastReplyMail","url":"https:\/\/www.fastreplymail.it\/en\/","logo":{"@type":"ImageObject","inLanguage":"fr-FR","@id":"https:\/\/www.fastreplymail.it\/en\/#\/schema\/logo\/image\/","url":"","contentUrl":"","caption":"FastReplyMail"},"image":{"@id":"https:\/\/www.fastreplymail.it\/en\/#\/schema\/logo\/image\/"}}]}},"_links":{"self":[{"href":"https:\/\/www.fastreplymail.it\/fr\/wp-json\/wp\/v2\/pages\/3112","targetHints":{"allow":["GET"]}}],"collection":[{"href":"https:\/\/www.fastreplymail.it\/fr\/wp-json\/wp\/v2\/pages"}],"about":[{"href":"https:\/\/www.fastreplymail.it\/fr\/wp-json\/wp\/v2\/types\/page"}],"author":[{"embeddable":true,"href":"https:\/\/www.fastreplymail.it\/fr\/wp-json\/wp\/v2\/users\/3"}],"replies":[{"embeddable":true,"href":"https:\/\/www.fastreplymail.it\/fr\/wp-json\/wp\/v2\/comments?post=3112"}],"version-history":[{"count":3,"href":"https:\/\/www.fastreplymail.it\/fr\/wp-json\/wp\/v2\/pages\/3112\/revisions"}],"predecessor-version":[{"id":3116,"href":"https:\/\/www.fastreplymail.it\/fr\/wp-json\/wp\/v2\/pages\/3112\/revisions\/3116"}],"wp:attachment":[{"href":"https:\/\/www.fastreplymail.it\/fr\/wp-json\/wp\/v2\/media?parent=3112"}],"curies":[{"name":"wp","href":"https:\/\/api.w.org\/{rel}","templated":true}]}}