{"id":2552,"date":"2015-07-14T09:00:02","date_gmt":"2015-07-14T07:00:02","guid":{"rendered":"http:\/\/www.fastreplymail.it\/home\/"},"modified":"2024-02-06T10:40:56","modified_gmt":"2024-02-06T09:40:56","slug":"home","status":"publish","type":"page","link":"https:\/\/www.fastreplymail.it\/fr\/","title":{"rendered":"HOME"},"content":{"rendered":"","protected":false},"excerpt":{"rendered":"","protected":false},"author":1,"featured_media":0,"parent":0,"menu_order":0,"comment_status":"open","ping_status":"closed","template":"","meta":{"footnotes":""},"class_list":["post-2552","page","type-page","status-publish","hentry"],"yoast_head":"<!-- This site is optimized with the Yoast SEO plugin v26.3 - https:\/\/yoast.com\/wordpress\/plugins\/seo\/ -->\n<title>FastReply\u00ae - Gestion des demandes de r\u00e9servation pour H\u00f4tel<\/title>\n<meta name=\"description\" content=\"La suite de FastReply\u00ae pour les h\u00f4tels est un \u00e9cosyst\u00e8me complet et avantageux pour g\u00e9rer la distribution et les ventes directes et indirectes sur les diff\u00e9rents canaux.\" \/>\n<meta name=\"robots\" content=\"index, follow, max-snippet:-1, max-image-preview:large, max-video-preview:-1\" \/>\n<link rel=\"canonical\" href=\"https:\/\/www.fastreplymail.it\/fr\/\" \/>\n<meta property=\"og:locale\" content=\"fr_FR\" \/>\n<meta property=\"og:type\" content=\"article\" \/>\n<meta property=\"og:title\" content=\"FastReply\u00ae - Gestion des demandes de r\u00e9servation pour H\u00f4tel\" \/>\n<meta property=\"og:description\" content=\"La suite de FastReply\u00ae pour les h\u00f4tels est un \u00e9cosyst\u00e8me complet et avantageux pour g\u00e9rer la distribution et les ventes directes et indirectes sur les diff\u00e9rents canaux.\" \/>\n<meta property=\"og:url\" content=\"https:\/\/www.fastreplymail.it\/fr\/\" \/>\n<meta property=\"og:site_name\" content=\"FastReply\u00ae\" \/>\n<meta property=\"article:modified_time\" content=\"2024-02-06T09:40:56+00:00\" \/>\n<meta name=\"twitter:card\" content=\"summary_large_image\" \/>\n<script type=\"application\/ld+json\" class=\"yoast-schema-graph\">{\"@context\":\"https:\/\/schema.org\",\"@graph\":[{\"@type\":\"WebPage\",\"@id\":\"https:\/\/www.fastreplymail.it\/fr\/\",\"url\":\"https:\/\/www.fastreplymail.it\/fr\/\",\"name\":\"FastReply\u00ae - Gestion des demandes de r\u00e9servation pour H\u00f4tel\",\"isPartOf\":{\"@id\":\"https:\/\/www.fastreplymail.it\/en\/#website\"},\"datePublished\":\"2015-07-14T07:00:02+00:00\",\"dateModified\":\"2024-02-06T09:40:56+00:00\",\"description\":\"La suite de FastReply\u00ae pour les h\u00f4tels est un \u00e9cosyst\u00e8me complet et avantageux pour g\u00e9rer la distribution et les ventes directes et indirectes sur les diff\u00e9rents canaux.\",\"breadcrumb\":{\"@id\":\"https:\/\/www.fastreplymail.it\/fr\/#breadcrumb\"},\"inLanguage\":\"fr-FR\",\"potentialAction\":[{\"@type\":\"ReadAction\",\"target\":[\"https:\/\/www.fastreplymail.it\/fr\/\"]}]},{\"@type\":\"BreadcrumbList\",\"@id\":\"https:\/\/www.fastreplymail.it\/fr\/#breadcrumb\",\"itemListElement\":[{\"@type\":\"ListItem\",\"position\":1,\"name\":\"Home\",\"item\":\"https:\/\/www.fastreplymail.it\/fr\/\"},{\"@type\":\"ListItem\",\"position\":2,\"name\":\"HOME\"}]},{\"@type\":\"WebSite\",\"@id\":\"https:\/\/www.fastreplymail.it\/en\/#website\",\"url\":\"https:\/\/www.fastreplymail.it\/en\/\",\"name\":\"FastReply\u00ae\",\"description\":\"Per gestire le richieste di informazioni Il software CRM \/ CRO indispensabile per la tua struttura\",\"publisher\":{\"@id\":\"https:\/\/www.fastreplymail.it\/en\/#organization\"},\"potentialAction\":[{\"@type\":\"SearchAction\",\"target\":{\"@type\":\"EntryPoint\",\"urlTemplate\":\"https:\/\/www.fastreplymail.it\/en\/?s={search_term_string}\"},\"query-input\":{\"@type\":\"PropertyValueSpecification\",\"valueRequired\":true,\"valueName\":\"search_term_string\"}}],\"inLanguage\":\"fr-FR\"},{\"@type\":\"Organization\",\"@id\":\"https:\/\/www.fastreplymail.it\/en\/#organization\",\"name\":\"FastReplyMail\",\"url\":\"https:\/\/www.fastreplymail.it\/en\/\",\"logo\":{\"@type\":\"ImageObject\",\"inLanguage\":\"fr-FR\",\"@id\":\"https:\/\/www.fastreplymail.it\/en\/#\/schema\/logo\/image\/\",\"url\":\"\",\"contentUrl\":\"\",\"caption\":\"FastReplyMail\"},\"image\":{\"@id\":\"https:\/\/www.fastreplymail.it\/en\/#\/schema\/logo\/image\/\"}}]}<\/script>\n<!-- \/ Yoast SEO plugin. -->","yoast_head_json":{"title":"FastReply\u00ae - Gestion des demandes de r\u00e9servation pour H\u00f4tel","description":"La suite de FastReply\u00ae pour les h\u00f4tels est un \u00e9cosyst\u00e8me complet et avantageux pour g\u00e9rer la distribution et les ventes directes et indirectes sur les diff\u00e9rents canaux.","robots":{"index":"index","follow":"follow","max-snippet":"max-snippet:-1","max-image-preview":"max-image-preview:large","max-video-preview":"max-video-preview:-1"},"canonical":"https:\/\/www.fastreplymail.it\/fr\/","og_locale":"fr_FR","og_type":"article","og_title":"FastReply\u00ae - Gestion des demandes de r\u00e9servation pour H\u00f4tel","og_description":"La suite de FastReply\u00ae pour les h\u00f4tels est un \u00e9cosyst\u00e8me complet et avantageux pour g\u00e9rer la distribution et les ventes directes et indirectes sur les diff\u00e9rents canaux.","og_url":"https:\/\/www.fastreplymail.it\/fr\/","og_site_name":"FastReply\u00ae","article_modified_time":"2024-02-06T09:40:56+00:00","twitter_card":"summary_large_image","schema":{"@context":"https:\/\/schema.org","@graph":[{"@type":"WebPage","@id":"https:\/\/www.fastreplymail.it\/fr\/","url":"https:\/\/www.fastreplymail.it\/fr\/","name":"FastReply\u00ae - Gestion des demandes de r\u00e9servation pour H\u00f4tel","isPartOf":{"@id":"https:\/\/www.fastreplymail.it\/en\/#website"},"datePublished":"2015-07-14T07:00:02+00:00","dateModified":"2024-02-06T09:40:56+00:00","description":"La suite de FastReply\u00ae pour les h\u00f4tels est un \u00e9cosyst\u00e8me complet et avantageux pour g\u00e9rer la distribution et les ventes directes et indirectes sur les diff\u00e9rents canaux.","breadcrumb":{"@id":"https:\/\/www.fastreplymail.it\/fr\/#breadcrumb"},"inLanguage":"fr-FR","potentialAction":[{"@type":"ReadAction","target":["https:\/\/www.fastreplymail.it\/fr\/"]}]},{"@type":"BreadcrumbList","@id":"https:\/\/www.fastreplymail.it\/fr\/#breadcrumb","itemListElement":[{"@type":"ListItem","position":1,"name":"Home","item":"https:\/\/www.fastreplymail.it\/fr\/"},{"@type":"ListItem","position":2,"name":"HOME"}]},{"@type":"WebSite","@id":"https:\/\/www.fastreplymail.it\/en\/#website","url":"https:\/\/www.fastreplymail.it\/en\/","name":"FastReply\u00ae","description":"Per gestire le richieste di informazioni Il software CRM \/ CRO indispensabile per la tua struttura","publisher":{"@id":"https:\/\/www.fastreplymail.it\/en\/#organization"},"potentialAction":[{"@type":"SearchAction","target":{"@type":"EntryPoint","urlTemplate":"https:\/\/www.fastreplymail.it\/en\/?s={search_term_string}"},"query-input":{"@type":"PropertyValueSpecification","valueRequired":true,"valueName":"search_term_string"}}],"inLanguage":"fr-FR"},{"@type":"Organization","@id":"https:\/\/www.fastreplymail.it\/en\/#organization","name":"FastReplyMail","url":"https:\/\/www.fastreplymail.it\/en\/","logo":{"@type":"ImageObject","inLanguage":"fr-FR","@id":"https:\/\/www.fastreplymail.it\/en\/#\/schema\/logo\/image\/","url":"","contentUrl":"","caption":"FastReplyMail"},"image":{"@id":"https:\/\/www.fastreplymail.it\/en\/#\/schema\/logo\/image\/"}}]}},"_links":{"self":[{"href":"https:\/\/www.fastreplymail.it\/fr\/wp-json\/wp\/v2\/pages\/2552","targetHints":{"allow":["GET"]}}],"collection":[{"href":"https:\/\/www.fastreplymail.it\/fr\/wp-json\/wp\/v2\/pages"}],"about":[{"href":"https:\/\/www.fastreplymail.it\/fr\/wp-json\/wp\/v2\/types\/page"}],"author":[{"embeddable":true,"href":"https:\/\/www.fastreplymail.it\/fr\/wp-json\/wp\/v2\/users\/1"}],"replies":[{"embeddable":true,"href":"https:\/\/www.fastreplymail.it\/fr\/wp-json\/wp\/v2\/comments?post=2552"}],"version-history":[{"count":1,"href":"https:\/\/www.fastreplymail.it\/fr\/wp-json\/wp\/v2\/pages\/2552\/revisions"}],"predecessor-version":[{"id":2553,"href":"https:\/\/www.fastreplymail.it\/fr\/wp-json\/wp\/v2\/pages\/2552\/revisions\/2553"}],"wp:attachment":[{"href":"https:\/\/www.fastreplymail.it\/fr\/wp-json\/wp\/v2\/media?parent=2552"}],"curies":[{"name":"wp","href":"https:\/\/api.w.org\/{rel}","templated":true}]}}