{"id":2536,"date":"2020-04-21T15:35:48","date_gmt":"2020-04-21T13:35:48","guid":{"rendered":"http:\/\/www.fastreplymail.it\/regole\/"},"modified":"2022-11-29T10:38:09","modified_gmt":"2022-11-29T09:38:09","slug":"regles","status":"publish","type":"page","link":"https:\/\/www.fastreplymail.it\/fr\/fastreplycro\/regles\/","title":{"rendered":"R\u00c8GLES"},"content":{"rendered":"","protected":false},"excerpt":{"rendered":"","protected":false},"author":3,"featured_media":0,"parent":2541,"menu_order":0,"comment_status":"open","ping_status":"closed","template":"","meta":{"footnotes":""},"class_list":["post-2536","page","type-page","status-publish","hentry"],"yoast_head":"<!-- This site is optimized with the Yoast SEO plugin v26.3 - https:\/\/yoast.com\/wordpress\/plugins\/seo\/ -->\n<title>R\u00c8GLES - FastReply\u00ae<\/title>\n<meta name=\"description\" content=\"R\u00e8gles de s\u00e9lection du template: Pour automatiser et donc acc\u00e9l\u00e9rer la proc\u00e9dure d&#039;envoi des mails de votre h\u00f4tel, r\u00e9sidence ou Bed&amp;Breakfast.\" \/>\n<meta name=\"robots\" content=\"index, follow, max-snippet:-1, max-image-preview:large, max-video-preview:-1\" \/>\n<link rel=\"canonical\" href=\"https:\/\/www.fastreplymail.it\/fr\/fastreplycro\/regles\/\" \/>\n<meta property=\"og:locale\" content=\"fr_FR\" \/>\n<meta property=\"og:type\" content=\"article\" \/>\n<meta property=\"og:title\" content=\"R\u00c8GLES - FastReply\u00ae\" \/>\n<meta property=\"og:description\" content=\"R\u00e8gles de s\u00e9lection du template: Pour automatiser et donc acc\u00e9l\u00e9rer la proc\u00e9dure d&#039;envoi des mails de votre h\u00f4tel, r\u00e9sidence ou Bed&amp;Breakfast.\" \/>\n<meta property=\"og:url\" content=\"https:\/\/www.fastreplymail.it\/fr\/fastreplycro\/regles\/\" \/>\n<meta property=\"og:site_name\" content=\"FastReply\u00ae\" \/>\n<meta property=\"article:modified_time\" content=\"2022-11-29T09:38:09+00:00\" \/>\n<meta name=\"twitter:card\" content=\"summary_large_image\" \/>\n<script type=\"application\/ld+json\" class=\"yoast-schema-graph\">{\"@context\":\"https:\/\/schema.org\",\"@graph\":[{\"@type\":\"WebPage\",\"@id\":\"https:\/\/www.fastreplymail.it\/fr\/fastreplycro\/regles\/\",\"url\":\"https:\/\/www.fastreplymail.it\/fr\/fastreplycro\/regles\/\",\"name\":\"R\u00c8GLES - FastReply\u00ae\",\"isPartOf\":{\"@id\":\"https:\/\/www.fastreplymail.it\/en\/#website\"},\"datePublished\":\"2020-04-21T13:35:48+00:00\",\"dateModified\":\"2022-11-29T09:38:09+00:00\",\"description\":\"R\u00e8gles de s\u00e9lection du template: Pour automatiser et donc acc\u00e9l\u00e9rer la proc\u00e9dure d'envoi des mails de votre h\u00f4tel, r\u00e9sidence ou Bed&Breakfast.\",\"breadcrumb\":{\"@id\":\"https:\/\/www.fastreplymail.it\/fr\/fastreplycro\/regles\/#breadcrumb\"},\"inLanguage\":\"fr-FR\",\"potentialAction\":[{\"@type\":\"ReadAction\",\"target\":[\"https:\/\/www.fastreplymail.it\/fr\/fastreplycro\/regles\/\"]}]},{\"@type\":\"BreadcrumbList\",\"@id\":\"https:\/\/www.fastreplymail.it\/fr\/fastreplycro\/regles\/#breadcrumb\",\"itemListElement\":[{\"@type\":\"ListItem\",\"position\":1,\"name\":\"Home\",\"item\":\"https:\/\/www.fastreplymail.it\/fr\/\"},{\"@type\":\"ListItem\",\"position\":2,\"name\":\"FASTREPLYCRO\u00ae\",\"item\":\"https:\/\/www.fastreplymail.it\/fr\/fastreplycro\/\"},{\"@type\":\"ListItem\",\"position\":3,\"name\":\"R\u00c8GLES\"}]},{\"@type\":\"WebSite\",\"@id\":\"https:\/\/www.fastreplymail.it\/en\/#website\",\"url\":\"https:\/\/www.fastreplymail.it\/en\/\",\"name\":\"FastReply\u00ae\",\"description\":\"Per gestire le richieste di informazioni Il software CRM \/ CRO indispensabile per la tua struttura\",\"publisher\":{\"@id\":\"https:\/\/www.fastreplymail.it\/en\/#organization\"},\"potentialAction\":[{\"@type\":\"SearchAction\",\"target\":{\"@type\":\"EntryPoint\",\"urlTemplate\":\"https:\/\/www.fastreplymail.it\/en\/?s={search_term_string}\"},\"query-input\":{\"@type\":\"PropertyValueSpecification\",\"valueRequired\":true,\"valueName\":\"search_term_string\"}}],\"inLanguage\":\"fr-FR\"},{\"@type\":\"Organization\",\"@id\":\"https:\/\/www.fastreplymail.it\/en\/#organization\",\"name\":\"FastReplyMail\",\"url\":\"https:\/\/www.fastreplymail.it\/en\/\",\"logo\":{\"@type\":\"ImageObject\",\"inLanguage\":\"fr-FR\",\"@id\":\"https:\/\/www.fastreplymail.it\/en\/#\/schema\/logo\/image\/\",\"url\":\"\",\"contentUrl\":\"\",\"caption\":\"FastReplyMail\"},\"image\":{\"@id\":\"https:\/\/www.fastreplymail.it\/en\/#\/schema\/logo\/image\/\"}}]}<\/script>\n<!-- \/ Yoast SEO plugin. -->","yoast_head_json":{"title":"R\u00c8GLES - FastReply\u00ae","description":"R\u00e8gles de s\u00e9lection du template: Pour automatiser et donc acc\u00e9l\u00e9rer la proc\u00e9dure d'envoi des mails de votre h\u00f4tel, r\u00e9sidence ou Bed&Breakfast.","robots":{"index":"index","follow":"follow","max-snippet":"max-snippet:-1","max-image-preview":"max-image-preview:large","max-video-preview":"max-video-preview:-1"},"canonical":"https:\/\/www.fastreplymail.it\/fr\/fastreplycro\/regles\/","og_locale":"fr_FR","og_type":"article","og_title":"R\u00c8GLES - FastReply\u00ae","og_description":"R\u00e8gles de s\u00e9lection du template: Pour automatiser et donc acc\u00e9l\u00e9rer la proc\u00e9dure d'envoi des mails de votre h\u00f4tel, r\u00e9sidence ou Bed&Breakfast.","og_url":"https:\/\/www.fastreplymail.it\/fr\/fastreplycro\/regles\/","og_site_name":"FastReply\u00ae","article_modified_time":"2022-11-29T09:38:09+00:00","twitter_card":"summary_large_image","schema":{"@context":"https:\/\/schema.org","@graph":[{"@type":"WebPage","@id":"https:\/\/www.fastreplymail.it\/fr\/fastreplycro\/regles\/","url":"https:\/\/www.fastreplymail.it\/fr\/fastreplycro\/regles\/","name":"R\u00c8GLES - FastReply\u00ae","isPartOf":{"@id":"https:\/\/www.fastreplymail.it\/en\/#website"},"datePublished":"2020-04-21T13:35:48+00:00","dateModified":"2022-11-29T09:38:09+00:00","description":"R\u00e8gles de s\u00e9lection du template: Pour automatiser et donc acc\u00e9l\u00e9rer la proc\u00e9dure d'envoi des mails de votre h\u00f4tel, r\u00e9sidence ou Bed&Breakfast.","breadcrumb":{"@id":"https:\/\/www.fastreplymail.it\/fr\/fastreplycro\/regles\/#breadcrumb"},"inLanguage":"fr-FR","potentialAction":[{"@type":"ReadAction","target":["https:\/\/www.fastreplymail.it\/fr\/fastreplycro\/regles\/"]}]},{"@type":"BreadcrumbList","@id":"https:\/\/www.fastreplymail.it\/fr\/fastreplycro\/regles\/#breadcrumb","itemListElement":[{"@type":"ListItem","position":1,"name":"Home","item":"https:\/\/www.fastreplymail.it\/fr\/"},{"@type":"ListItem","position":2,"name":"FASTREPLYCRO\u00ae","item":"https:\/\/www.fastreplymail.it\/fr\/fastreplycro\/"},{"@type":"ListItem","position":3,"name":"R\u00c8GLES"}]},{"@type":"WebSite","@id":"https:\/\/www.fastreplymail.it\/en\/#website","url":"https:\/\/www.fastreplymail.it\/en\/","name":"FastReply\u00ae","description":"Per gestire le richieste di informazioni Il software CRM \/ CRO indispensabile per la tua struttura","publisher":{"@id":"https:\/\/www.fastreplymail.it\/en\/#organization"},"potentialAction":[{"@type":"SearchAction","target":{"@type":"EntryPoint","urlTemplate":"https:\/\/www.fastreplymail.it\/en\/?s={search_term_string}"},"query-input":{"@type":"PropertyValueSpecification","valueRequired":true,"valueName":"search_term_string"}}],"inLanguage":"fr-FR"},{"@type":"Organization","@id":"https:\/\/www.fastreplymail.it\/en\/#organization","name":"FastReplyMail","url":"https:\/\/www.fastreplymail.it\/en\/","logo":{"@type":"ImageObject","inLanguage":"fr-FR","@id":"https:\/\/www.fastreplymail.it\/en\/#\/schema\/logo\/image\/","url":"","contentUrl":"","caption":"FastReplyMail"},"image":{"@id":"https:\/\/www.fastreplymail.it\/en\/#\/schema\/logo\/image\/"}}]}},"_links":{"self":[{"href":"https:\/\/www.fastreplymail.it\/fr\/wp-json\/wp\/v2\/pages\/2536","targetHints":{"allow":["GET"]}}],"collection":[{"href":"https:\/\/www.fastreplymail.it\/fr\/wp-json\/wp\/v2\/pages"}],"about":[{"href":"https:\/\/www.fastreplymail.it\/fr\/wp-json\/wp\/v2\/types\/page"}],"author":[{"embeddable":true,"href":"https:\/\/www.fastreplymail.it\/fr\/wp-json\/wp\/v2\/users\/3"}],"replies":[{"embeddable":true,"href":"https:\/\/www.fastreplymail.it\/fr\/wp-json\/wp\/v2\/comments?post=2536"}],"version-history":[{"count":1,"href":"https:\/\/www.fastreplymail.it\/fr\/wp-json\/wp\/v2\/pages\/2536\/revisions"}],"predecessor-version":[{"id":2537,"href":"https:\/\/www.fastreplymail.it\/fr\/wp-json\/wp\/v2\/pages\/2536\/revisions\/2537"}],"up":[{"embeddable":true,"href":"https:\/\/www.fastreplymail.it\/fr\/wp-json\/wp\/v2\/pages\/2541"}],"wp:attachment":[{"href":"https:\/\/www.fastreplymail.it\/fr\/wp-json\/wp\/v2\/media?parent=2536"}],"curies":[{"name":"wp","href":"https:\/\/api.w.org\/{rel}","templated":true}]}}