{"id":2525,"date":"2018-10-18T14:30:54","date_gmt":"2018-10-18T12:30:54","guid":{"rendered":"http:\/\/www.fastreplymail.it\/demo-form\/"},"modified":"2020-05-15T10:49:04","modified_gmt":"2020-05-15T08:49:04","slug":"demo-formulaire","status":"publish","type":"page","link":"https:\/\/www.fastreplymail.it\/fr\/fastreplycro\/demo-formulaire\/","title":{"rendered":"EXEMPLE FORMULAIRE"},"content":{"rendered":"","protected":false},"excerpt":{"rendered":"<p>Demo del form di FastReply da poter integrare sul proprio sito web.<\/p>\n","protected":false},"author":1,"featured_media":0,"parent":2541,"menu_order":0,"comment_status":"closed","ping_status":"closed","template":"","meta":{"footnotes":""},"class_list":["post-2525","page","type-page","status-publish","hentry"],"yoast_head":"<!-- This site is optimized with the Yoast SEO plugin v26.3 - https:\/\/yoast.com\/wordpress\/plugins\/seo\/ -->\n<title>FastReply\u00ae - FastReply\u00ae Hotel Demo<\/title>\n<meta name=\"description\" content=\"Exemple du formulaire de FastReply\u00ae pouvant \u00eatre int\u00e9gr\u00e9 sur le site internet de votre h\u00f4tel, B&amp;B, r\u00e9sidence ou appartement.\" \/>\n<meta name=\"robots\" content=\"index, follow, max-snippet:-1, max-image-preview:large, max-video-preview:-1\" \/>\n<link rel=\"canonical\" href=\"https:\/\/www.fastreplymail.it\/fr\/fastreplycro\/demo-formulaire\/\" \/>\n<meta property=\"og:locale\" content=\"fr_FR\" \/>\n<meta property=\"og:type\" content=\"article\" \/>\n<meta property=\"og:title\" content=\"FastReply\u00ae - FastReply\u00ae Hotel Demo\" \/>\n<meta property=\"og:description\" content=\"Exemple du formulaire de FastReply\u00ae pouvant \u00eatre int\u00e9gr\u00e9 sur le site internet de votre h\u00f4tel, B&amp;B, r\u00e9sidence ou appartement.\" \/>\n<meta property=\"og:url\" content=\"https:\/\/www.fastreplymail.it\/fr\/fastreplycro\/demo-formulaire\/\" \/>\n<meta property=\"og:site_name\" content=\"FastReply\u00ae\" \/>\n<meta property=\"article:modified_time\" content=\"2020-05-15T08:49:04+00:00\" \/>\n<meta name=\"twitter:card\" content=\"summary_large_image\" \/>\n<script type=\"application\/ld+json\" class=\"yoast-schema-graph\">{\"@context\":\"https:\/\/schema.org\",\"@graph\":[{\"@type\":\"WebPage\",\"@id\":\"https:\/\/www.fastreplymail.it\/fr\/fastreplycro\/demo-formulaire\/\",\"url\":\"https:\/\/www.fastreplymail.it\/fr\/fastreplycro\/demo-formulaire\/\",\"name\":\"FastReply\u00ae - FastReply\u00ae Hotel Demo\",\"isPartOf\":{\"@id\":\"https:\/\/www.fastreplymail.it\/en\/#website\"},\"datePublished\":\"2018-10-18T12:30:54+00:00\",\"dateModified\":\"2020-05-15T08:49:04+00:00\",\"description\":\"Exemple du formulaire de FastReply\u00ae pouvant \u00eatre int\u00e9gr\u00e9 sur le site internet de votre h\u00f4tel, B&B, r\u00e9sidence ou appartement.\",\"breadcrumb\":{\"@id\":\"https:\/\/www.fastreplymail.it\/fr\/fastreplycro\/demo-formulaire\/#breadcrumb\"},\"inLanguage\":\"fr-FR\",\"potentialAction\":[{\"@type\":\"ReadAction\",\"target\":[\"https:\/\/www.fastreplymail.it\/fr\/fastreplycro\/demo-formulaire\/\"]}]},{\"@type\":\"BreadcrumbList\",\"@id\":\"https:\/\/www.fastreplymail.it\/fr\/fastreplycro\/demo-formulaire\/#breadcrumb\",\"itemListElement\":[{\"@type\":\"ListItem\",\"position\":1,\"name\":\"Home\",\"item\":\"https:\/\/www.fastreplymail.it\/fr\/\"},{\"@type\":\"ListItem\",\"position\":2,\"name\":\"FASTREPLYCRO\u00ae\",\"item\":\"https:\/\/www.fastreplymail.it\/fr\/fastreplycro\/\"},{\"@type\":\"ListItem\",\"position\":3,\"name\":\"EXEMPLE FORMULAIRE\"}]},{\"@type\":\"WebSite\",\"@id\":\"https:\/\/www.fastreplymail.it\/en\/#website\",\"url\":\"https:\/\/www.fastreplymail.it\/en\/\",\"name\":\"FastReply\u00ae\",\"description\":\"Per gestire le richieste di informazioni Il software CRM \/ CRO indispensabile per la tua struttura\",\"publisher\":{\"@id\":\"https:\/\/www.fastreplymail.it\/en\/#organization\"},\"potentialAction\":[{\"@type\":\"SearchAction\",\"target\":{\"@type\":\"EntryPoint\",\"urlTemplate\":\"https:\/\/www.fastreplymail.it\/en\/?s={search_term_string}\"},\"query-input\":{\"@type\":\"PropertyValueSpecification\",\"valueRequired\":true,\"valueName\":\"search_term_string\"}}],\"inLanguage\":\"fr-FR\"},{\"@type\":\"Organization\",\"@id\":\"https:\/\/www.fastreplymail.it\/en\/#organization\",\"name\":\"FastReplyMail\",\"url\":\"https:\/\/www.fastreplymail.it\/en\/\",\"logo\":{\"@type\":\"ImageObject\",\"inLanguage\":\"fr-FR\",\"@id\":\"https:\/\/www.fastreplymail.it\/en\/#\/schema\/logo\/image\/\",\"url\":\"\",\"contentUrl\":\"\",\"caption\":\"FastReplyMail\"},\"image\":{\"@id\":\"https:\/\/www.fastreplymail.it\/en\/#\/schema\/logo\/image\/\"}}]}<\/script>\n<!-- \/ Yoast SEO plugin. -->","yoast_head_json":{"title":"FastReply\u00ae - FastReply\u00ae Hotel Demo","description":"Exemple du formulaire de FastReply\u00ae pouvant \u00eatre int\u00e9gr\u00e9 sur le site internet de votre h\u00f4tel, B&B, r\u00e9sidence ou appartement.","robots":{"index":"index","follow":"follow","max-snippet":"max-snippet:-1","max-image-preview":"max-image-preview:large","max-video-preview":"max-video-preview:-1"},"canonical":"https:\/\/www.fastreplymail.it\/fr\/fastreplycro\/demo-formulaire\/","og_locale":"fr_FR","og_type":"article","og_title":"FastReply\u00ae - FastReply\u00ae Hotel Demo","og_description":"Exemple du formulaire de FastReply\u00ae pouvant \u00eatre int\u00e9gr\u00e9 sur le site internet de votre h\u00f4tel, B&B, r\u00e9sidence ou appartement.","og_url":"https:\/\/www.fastreplymail.it\/fr\/fastreplycro\/demo-formulaire\/","og_site_name":"FastReply\u00ae","article_modified_time":"2020-05-15T08:49:04+00:00","twitter_card":"summary_large_image","schema":{"@context":"https:\/\/schema.org","@graph":[{"@type":"WebPage","@id":"https:\/\/www.fastreplymail.it\/fr\/fastreplycro\/demo-formulaire\/","url":"https:\/\/www.fastreplymail.it\/fr\/fastreplycro\/demo-formulaire\/","name":"FastReply\u00ae - FastReply\u00ae Hotel Demo","isPartOf":{"@id":"https:\/\/www.fastreplymail.it\/en\/#website"},"datePublished":"2018-10-18T12:30:54+00:00","dateModified":"2020-05-15T08:49:04+00:00","description":"Exemple du formulaire de FastReply\u00ae pouvant \u00eatre int\u00e9gr\u00e9 sur le site internet de votre h\u00f4tel, B&B, r\u00e9sidence ou appartement.","breadcrumb":{"@id":"https:\/\/www.fastreplymail.it\/fr\/fastreplycro\/demo-formulaire\/#breadcrumb"},"inLanguage":"fr-FR","potentialAction":[{"@type":"ReadAction","target":["https:\/\/www.fastreplymail.it\/fr\/fastreplycro\/demo-formulaire\/"]}]},{"@type":"BreadcrumbList","@id":"https:\/\/www.fastreplymail.it\/fr\/fastreplycro\/demo-formulaire\/#breadcrumb","itemListElement":[{"@type":"ListItem","position":1,"name":"Home","item":"https:\/\/www.fastreplymail.it\/fr\/"},{"@type":"ListItem","position":2,"name":"FASTREPLYCRO\u00ae","item":"https:\/\/www.fastreplymail.it\/fr\/fastreplycro\/"},{"@type":"ListItem","position":3,"name":"EXEMPLE FORMULAIRE"}]},{"@type":"WebSite","@id":"https:\/\/www.fastreplymail.it\/en\/#website","url":"https:\/\/www.fastreplymail.it\/en\/","name":"FastReply\u00ae","description":"Per gestire le richieste di informazioni Il software CRM \/ CRO indispensabile per la tua struttura","publisher":{"@id":"https:\/\/www.fastreplymail.it\/en\/#organization"},"potentialAction":[{"@type":"SearchAction","target":{"@type":"EntryPoint","urlTemplate":"https:\/\/www.fastreplymail.it\/en\/?s={search_term_string}"},"query-input":{"@type":"PropertyValueSpecification","valueRequired":true,"valueName":"search_term_string"}}],"inLanguage":"fr-FR"},{"@type":"Organization","@id":"https:\/\/www.fastreplymail.it\/en\/#organization","name":"FastReplyMail","url":"https:\/\/www.fastreplymail.it\/en\/","logo":{"@type":"ImageObject","inLanguage":"fr-FR","@id":"https:\/\/www.fastreplymail.it\/en\/#\/schema\/logo\/image\/","url":"","contentUrl":"","caption":"FastReplyMail"},"image":{"@id":"https:\/\/www.fastreplymail.it\/en\/#\/schema\/logo\/image\/"}}]}},"_links":{"self":[{"href":"https:\/\/www.fastreplymail.it\/fr\/wp-json\/wp\/v2\/pages\/2525","targetHints":{"allow":["GET"]}}],"collection":[{"href":"https:\/\/www.fastreplymail.it\/fr\/wp-json\/wp\/v2\/pages"}],"about":[{"href":"https:\/\/www.fastreplymail.it\/fr\/wp-json\/wp\/v2\/types\/page"}],"author":[{"embeddable":true,"href":"https:\/\/www.fastreplymail.it\/fr\/wp-json\/wp\/v2\/users\/1"}],"replies":[{"embeddable":true,"href":"https:\/\/www.fastreplymail.it\/fr\/wp-json\/wp\/v2\/comments?post=2525"}],"version-history":[{"count":2,"href":"https:\/\/www.fastreplymail.it\/fr\/wp-json\/wp\/v2\/pages\/2525\/revisions"}],"predecessor-version":[{"id":2645,"href":"https:\/\/www.fastreplymail.it\/fr\/wp-json\/wp\/v2\/pages\/2525\/revisions\/2645"}],"up":[{"embeddable":true,"href":"https:\/\/www.fastreplymail.it\/fr\/wp-json\/wp\/v2\/pages\/2541"}],"wp:attachment":[{"href":"https:\/\/www.fastreplymail.it\/fr\/wp-json\/wp\/v2\/media?parent=2525"}],"curies":[{"name":"wp","href":"https:\/\/api.w.org\/{rel}","templated":true}]}}