{"id":2494,"date":"2020-04-15T10:02:59","date_gmt":"2020-04-15T08:02:59","guid":{"rendered":"http:\/\/www.fastreplymail.it\/chi-siamo\/"},"modified":"2024-12-05T12:29:31","modified_gmt":"2024-12-05T11:29:31","slug":"qui-sommes-nous","status":"publish","type":"page","link":"https:\/\/www.fastreplymail.it\/fr\/qui-sommes-nous\/","title":{"rendered":"QUI SOMMES-NOUS"},"content":{"rendered":"","protected":false},"excerpt":{"rendered":"","protected":false},"author":3,"featured_media":0,"parent":0,"menu_order":0,"comment_status":"open","ping_status":"open","template":"","meta":{"footnotes":""},"class_list":["post-2494","page","type-page","status-publish","hentry"],"yoast_head":"<!-- This site is optimized with the Yoast SEO plugin v26.3 - https:\/\/yoast.com\/wordpress\/plugins\/seo\/ -->\n<title>QUI SOMMES-NOUS - FastReply\u00ae<\/title>\n<meta name=\"description\" content=\"La r\u00e9alisation d&#039;id\u00e9es innovantes na\u00eet du croisement de mondes divers qui regardent dans la m\u00eame direction. Les entreprises partenaires de FastReply\u00ae Suite.\" \/>\n<meta name=\"robots\" content=\"index, follow, max-snippet:-1, max-image-preview:large, max-video-preview:-1\" \/>\n<link rel=\"canonical\" href=\"https:\/\/www.fastreplymail.it\/fr\/qui-sommes-nous\/\" \/>\n<meta property=\"og:locale\" content=\"fr_FR\" \/>\n<meta property=\"og:type\" content=\"article\" \/>\n<meta property=\"og:title\" content=\"QUI SOMMES-NOUS - FastReply\u00ae\" \/>\n<meta property=\"og:description\" content=\"La r\u00e9alisation d&#039;id\u00e9es innovantes na\u00eet du croisement de mondes divers qui regardent dans la m\u00eame direction. Les entreprises partenaires de FastReply\u00ae Suite.\" \/>\n<meta property=\"og:url\" content=\"https:\/\/www.fastreplymail.it\/fr\/qui-sommes-nous\/\" \/>\n<meta property=\"og:site_name\" content=\"FastReply\u00ae\" \/>\n<meta property=\"article:modified_time\" content=\"2024-12-05T11:29:31+00:00\" \/>\n<meta name=\"twitter:card\" content=\"summary_large_image\" \/>\n<script type=\"application\/ld+json\" class=\"yoast-schema-graph\">{\"@context\":\"https:\/\/schema.org\",\"@graph\":[{\"@type\":\"WebPage\",\"@id\":\"https:\/\/www.fastreplymail.it\/fr\/qui-sommes-nous\/\",\"url\":\"https:\/\/www.fastreplymail.it\/fr\/qui-sommes-nous\/\",\"name\":\"QUI SOMMES-NOUS - FastReply\u00ae\",\"isPartOf\":{\"@id\":\"https:\/\/www.fastreplymail.it\/en\/#website\"},\"datePublished\":\"2020-04-15T08:02:59+00:00\",\"dateModified\":\"2024-12-05T11:29:31+00:00\",\"description\":\"La r\u00e9alisation d'id\u00e9es innovantes na\u00eet du croisement de mondes divers qui regardent dans la m\u00eame direction. Les entreprises partenaires de FastReply\u00ae Suite.\",\"breadcrumb\":{\"@id\":\"https:\/\/www.fastreplymail.it\/fr\/qui-sommes-nous\/#breadcrumb\"},\"inLanguage\":\"fr-FR\",\"potentialAction\":[{\"@type\":\"ReadAction\",\"target\":[\"https:\/\/www.fastreplymail.it\/fr\/qui-sommes-nous\/\"]}]},{\"@type\":\"BreadcrumbList\",\"@id\":\"https:\/\/www.fastreplymail.it\/fr\/qui-sommes-nous\/#breadcrumb\",\"itemListElement\":[{\"@type\":\"ListItem\",\"position\":1,\"name\":\"Home\",\"item\":\"https:\/\/www.fastreplymail.it\/fr\/\"},{\"@type\":\"ListItem\",\"position\":2,\"name\":\"QUI SOMMES-NOUS\"}]},{\"@type\":\"WebSite\",\"@id\":\"https:\/\/www.fastreplymail.it\/en\/#website\",\"url\":\"https:\/\/www.fastreplymail.it\/en\/\",\"name\":\"FastReply\u00ae\",\"description\":\"Per gestire le richieste di informazioni Il software CRM \/ CRO indispensabile per la tua struttura\",\"publisher\":{\"@id\":\"https:\/\/www.fastreplymail.it\/en\/#organization\"},\"potentialAction\":[{\"@type\":\"SearchAction\",\"target\":{\"@type\":\"EntryPoint\",\"urlTemplate\":\"https:\/\/www.fastreplymail.it\/en\/?s={search_term_string}\"},\"query-input\":{\"@type\":\"PropertyValueSpecification\",\"valueRequired\":true,\"valueName\":\"search_term_string\"}}],\"inLanguage\":\"fr-FR\"},{\"@type\":\"Organization\",\"@id\":\"https:\/\/www.fastreplymail.it\/en\/#organization\",\"name\":\"FastReplyMail\",\"url\":\"https:\/\/www.fastreplymail.it\/en\/\",\"logo\":{\"@type\":\"ImageObject\",\"inLanguage\":\"fr-FR\",\"@id\":\"https:\/\/www.fastreplymail.it\/en\/#\/schema\/logo\/image\/\",\"url\":\"\",\"contentUrl\":\"\",\"caption\":\"FastReplyMail\"},\"image\":{\"@id\":\"https:\/\/www.fastreplymail.it\/en\/#\/schema\/logo\/image\/\"}}]}<\/script>\n<!-- \/ Yoast SEO plugin. -->","yoast_head_json":{"title":"QUI SOMMES-NOUS - FastReply\u00ae","description":"La r\u00e9alisation d'id\u00e9es innovantes na\u00eet du croisement de mondes divers qui regardent dans la m\u00eame direction. Les entreprises partenaires de FastReply\u00ae Suite.","robots":{"index":"index","follow":"follow","max-snippet":"max-snippet:-1","max-image-preview":"max-image-preview:large","max-video-preview":"max-video-preview:-1"},"canonical":"https:\/\/www.fastreplymail.it\/fr\/qui-sommes-nous\/","og_locale":"fr_FR","og_type":"article","og_title":"QUI SOMMES-NOUS - FastReply\u00ae","og_description":"La r\u00e9alisation d'id\u00e9es innovantes na\u00eet du croisement de mondes divers qui regardent dans la m\u00eame direction. Les entreprises partenaires de FastReply\u00ae Suite.","og_url":"https:\/\/www.fastreplymail.it\/fr\/qui-sommes-nous\/","og_site_name":"FastReply\u00ae","article_modified_time":"2024-12-05T11:29:31+00:00","twitter_card":"summary_large_image","schema":{"@context":"https:\/\/schema.org","@graph":[{"@type":"WebPage","@id":"https:\/\/www.fastreplymail.it\/fr\/qui-sommes-nous\/","url":"https:\/\/www.fastreplymail.it\/fr\/qui-sommes-nous\/","name":"QUI SOMMES-NOUS - FastReply\u00ae","isPartOf":{"@id":"https:\/\/www.fastreplymail.it\/en\/#website"},"datePublished":"2020-04-15T08:02:59+00:00","dateModified":"2024-12-05T11:29:31+00:00","description":"La r\u00e9alisation d'id\u00e9es innovantes na\u00eet du croisement de mondes divers qui regardent dans la m\u00eame direction. Les entreprises partenaires de FastReply\u00ae Suite.","breadcrumb":{"@id":"https:\/\/www.fastreplymail.it\/fr\/qui-sommes-nous\/#breadcrumb"},"inLanguage":"fr-FR","potentialAction":[{"@type":"ReadAction","target":["https:\/\/www.fastreplymail.it\/fr\/qui-sommes-nous\/"]}]},{"@type":"BreadcrumbList","@id":"https:\/\/www.fastreplymail.it\/fr\/qui-sommes-nous\/#breadcrumb","itemListElement":[{"@type":"ListItem","position":1,"name":"Home","item":"https:\/\/www.fastreplymail.it\/fr\/"},{"@type":"ListItem","position":2,"name":"QUI SOMMES-NOUS"}]},{"@type":"WebSite","@id":"https:\/\/www.fastreplymail.it\/en\/#website","url":"https:\/\/www.fastreplymail.it\/en\/","name":"FastReply\u00ae","description":"Per gestire le richieste di informazioni Il software CRM \/ CRO indispensabile per la tua struttura","publisher":{"@id":"https:\/\/www.fastreplymail.it\/en\/#organization"},"potentialAction":[{"@type":"SearchAction","target":{"@type":"EntryPoint","urlTemplate":"https:\/\/www.fastreplymail.it\/en\/?s={search_term_string}"},"query-input":{"@type":"PropertyValueSpecification","valueRequired":true,"valueName":"search_term_string"}}],"inLanguage":"fr-FR"},{"@type":"Organization","@id":"https:\/\/www.fastreplymail.it\/en\/#organization","name":"FastReplyMail","url":"https:\/\/www.fastreplymail.it\/en\/","logo":{"@type":"ImageObject","inLanguage":"fr-FR","@id":"https:\/\/www.fastreplymail.it\/en\/#\/schema\/logo\/image\/","url":"","contentUrl":"","caption":"FastReplyMail"},"image":{"@id":"https:\/\/www.fastreplymail.it\/en\/#\/schema\/logo\/image\/"}}]}},"_links":{"self":[{"href":"https:\/\/www.fastreplymail.it\/fr\/wp-json\/wp\/v2\/pages\/2494","targetHints":{"allow":["GET"]}}],"collection":[{"href":"https:\/\/www.fastreplymail.it\/fr\/wp-json\/wp\/v2\/pages"}],"about":[{"href":"https:\/\/www.fastreplymail.it\/fr\/wp-json\/wp\/v2\/types\/page"}],"author":[{"embeddable":true,"href":"https:\/\/www.fastreplymail.it\/fr\/wp-json\/wp\/v2\/users\/3"}],"replies":[{"embeddable":true,"href":"https:\/\/www.fastreplymail.it\/fr\/wp-json\/wp\/v2\/comments?post=2494"}],"version-history":[{"count":1,"href":"https:\/\/www.fastreplymail.it\/fr\/wp-json\/wp\/v2\/pages\/2494\/revisions"}],"predecessor-version":[{"id":2496,"href":"https:\/\/www.fastreplymail.it\/fr\/wp-json\/wp\/v2\/pages\/2494\/revisions\/2496"}],"wp:attachment":[{"href":"https:\/\/www.fastreplymail.it\/fr\/wp-json\/wp\/v2\/media?parent=2494"}],"curies":[{"name":"wp","href":"https:\/\/api.w.org\/{rel}","templated":true}]}}